{"id":10487,"date":"2022-07-07T08:00:01","date_gmt":"2022-07-07T06:00:01","guid":{"rendered":"https:\/\/www.albis.ch\/a-savoir\/les-acariens\/"},"modified":"2022-07-07T08:00:02","modified_gmt":"2022-07-07T06:00:02","slug":"les-acariens","status":"publish","type":"page","link":"https:\/\/www.albis.ch\/fr\/a-savoir\/les-acariens\/","title":{"rendered":"Les acariens"},"content":{"rendered":"\t\t<div data-elementor-type=\"wp-page\" data-elementor-id=\"10487\" class=\"elementor elementor-10487 elementor-927\" data-elementor-post-type=\"page\">\n\t\t\t\t\t\t<section class=\"elementor-section elementor-top-section elementor-element elementor-element-bba81fd elementor-section-height-min-height elementor-section-boxed elementor-section-height-default elementor-section-items-middle\" data-id=\"bba81fd\" data-element_type=\"section\" data-settings=\"{&quot;background_background&quot;:&quot;classic&quot;}\">\n\t\t\t\t\t\t\t<div class=\"elementor-background-overlay\"><\/div>\n\t\t\t\t\t\t\t<div class=\"elementor-container elementor-column-gap-default\">\n\t\t\t\t\t<div class=\"elementor-column elementor-col-100 elementor-top-column elementor-element elementor-element-c1cba69\" data-id=\"c1cba69\" data-element_type=\"column\">\n\t\t\t<div class=\"elementor-widget-wrap elementor-element-populated\">\n\t\t\t\t\t\t<div class=\"elementor-element elementor-element-cfa49b6 elementor-widget elementor-widget-heading\" data-id=\"cfa49b6\" data-element_type=\"widget\" data-widget_type=\"heading.default\">\n\t\t\t\t<div class=\"elementor-widget-container\">\n\t\t\t\t\t<h1 class=\"elementor-heading-title elementor-size-default\">Les acariens<\/h1>\t\t\t\t<\/div>\n\t\t\t\t<\/div>\n\t\t\t\t<div class=\"elementor-element elementor-element-47a36e9 elementor-widget elementor-widget-heading\" data-id=\"47a36e9\" data-element_type=\"widget\" data-widget_type=\"heading.default\">\n\t\t\t\t<div class=\"elementor-widget-container\">\n\t\t\t\t\t<span class=\"elementor-heading-title elementor-size-default\">Ce que vous devez savoir \u00e0 ce sujet<\/span>\t\t\t\t<\/div>\n\t\t\t\t<\/div>\n\t\t\t\t\t<\/div>\n\t\t<\/div>\n\t\t\t\t\t<\/div>\n\t\t<\/section>\n\t\t\t\t<section class=\"elementor-section elementor-top-section elementor-element elementor-element-ff5b374 elementor-section-boxed elementor-section-height-default elementor-section-height-default\" data-id=\"ff5b374\" data-element_type=\"section\">\n\t\t\t\t\t\t<div class=\"elementor-container elementor-column-gap-default\">\n\t\t\t\t\t<div class=\"elementor-column elementor-col-100 elementor-top-column elementor-element elementor-element-749cb8e\" data-id=\"749cb8e\" data-element_type=\"column\">\n\t\t\t<div class=\"elementor-widget-wrap elementor-element-populated\">\n\t\t\t\t\t\t<div class=\"elementor-element elementor-element-e6f14cd elementor-widget elementor-widget-heading\" data-id=\"e6f14cd\" data-element_type=\"widget\" data-widget_type=\"heading.default\">\n\t\t\t\t<div class=\"elementor-widget-container\">\n\t\t\t\t\t<h2 class=\"elementor-heading-title elementor-size-default\">Allergie aux acariens<\/h2>\t\t\t\t<\/div>\n\t\t\t\t<\/div>\n\t\t\t\t<div class=\"elementor-element elementor-element-6c276ff elementor-widget elementor-widget-text-editor\" data-id=\"6c276ff\" data-element_type=\"widget\" data-widget_type=\"text-editor.default\">\n\t\t\t\t<div class=\"elementor-widget-container\">\n\t\t\t\t\t\t\t\t\t<p>Un lit avec un oreiller et un duvet moelleux invite \u00e0 de longs moments de d\u00e9tente et assure un sommeil profond et sain. Toutefois, cette ambiance feutr\u00e9e peut \u00e9galement attirer d\u2019autres cr\u00e9atures. Pour les personnes allergiques, en particulier, les acariens de poussi\u00e8re de maison nich\u00e9s dans les matelas et la literie repr\u00e9sentent un d\u00e9sagr\u00e9ment consid\u00e9rable. <br>Il est prouv\u00e9 que les personnes allergiques qui utilisent une literie de qualit\u00e9 remplie de duvet et de plumes souffrent moins des sympt\u00f4mes de l&#8217;allergie aux acariens.<\/p><p>Les acariens peuvent rendre la vie difficile aux personnes allergiques. Pour \u00e9viter les r\u00e9actions allergiques, les literies en duvet et plumes naturels ont fait leurs preuves. Ils garantissent un d\u00e9veloppement de chaleur rapide au coucher, ainsi qu\u2019un d\u00e9gagement d\u2019humidit\u00e9 tout aussi rapide lors de l\u2019a\u00e9ration matinale. Cela cr\u00e9e un climat d\u00e9favorable aux acariens. De plus, les acariens sont trop gros pour passer \u00e0 travers l&#8217;enveloppe tiss\u00e9e serr\u00e9e.<\/p>\t\t\t\t\t\t\t\t<\/div>\n\t\t\t\t<\/div>\n\t\t\t\t<div class=\"elementor-element elementor-element-8d5fba8 elementor-widget elementor-widget-heading\" data-id=\"8d5fba8\" data-element_type=\"widget\" data-widget_type=\"heading.default\">\n\t\t\t\t<div class=\"elementor-widget-container\">\n\t\t\t\t\t<h3 class=\"elementor-heading-title elementor-size-default\">Quelques conseils pour les personnes allergiques<\/h3>\t\t\t\t<\/div>\n\t\t\t\t<\/div>\n\t\t\t\t<div class=\"elementor-element elementor-element-48c9883 elementor-widget elementor-widget-text-editor\" data-id=\"48c9883\" data-element_type=\"widget\" data-widget_type=\"text-editor.default\">\n\t\t\t\t<div class=\"elementor-widget-container\">\n\t\t\t\t\t\t\t\t\t<p>Comment se prot\u00e9ger ou comment grandement soulager des sympt\u00f4mes d\u2019une allergie aux acariens<\/p><p><strong>Literie:<\/strong> lors de l\u2019achat de votre literie, veillez \u00e0 la pr\u00e9sence de la mention \u00ab<img decoding=\"async\" class=\"alignnone wp-image-5771\" src=\"https:\/\/www.albis.ch\/\/\/wp-content\/uploads\/2022\/03\/Logo_Nomite_2022_5.svg\" alt=\"\" width=\"60\" height=\"15\">\u00bb. Pour ces couvertures et coussins, le tissu de l\u2019enveloppe a \u00e9t\u00e9 tiss\u00e9 de mani\u00e8re si dense que les acariens ne sauraient p\u00e9n\u00e9trer. En cas de forte allergie, utilisez en plus des housses de matelas imperm\u00e9ables aux acariens et aux allerg\u00e8nes.<\/p><p><strong>Garnissage de la literie<\/strong>: remplacez la literie synth\u00e9tique par des produits garnis de duvet et de plumes. Ceux-ci garantissent un climat optimal pour le sommeil et repousse les acariens en att\u00e9nuant de mani\u00e9re \u00e9prouv\u00e9e les sympt\u00f4mes des allergies.<\/p><p><strong>Instructions de lavage:<\/strong> il est conseill\u00e9 de laver s\u00e9par\u00e9ment chaque produit de literie avec une lessive douce pour laine ou duvet jusqu\u2019\u00e0 60 \u00b0C et d\u2019essorer deux fois. Ensuite, ils doivent absolument passer au s\u00e8che-linge jusqu\u2019\u00e0 100\u00b0C au plus, lors de deux cycles d\u2019environ 60 minutes. Laisser bien refroidir une heure entre les deux.<\/p><p><strong>Entretien:<\/strong> il est conseill\u00e9 de bien secouer et a\u00e9rer chaque jour couettes et coussins. Ne pas tapoter la literie, ni passer \u00e0 l\u2019aspirateur ou exposer au soleil.<\/p><p><strong>Entretien des draps de lit:<\/strong> il est conseill\u00e9 de laver les housses chaque semaine jusqu\u2019\u00e0 60 \u00b0C selon l\u2019\u00e9tiquette d\u2019entretien, au plus tard apr\u00e8s 14 jours.<\/p><p><strong>Collecteur de poussi\u00e8re:<\/strong> les excr\u00e9ments d\u2019acariens se m\u00e9langent \u00e0 la poussi\u00e8re et se diffusent ainsi dans votre logement. \u00c9vitez la pr\u00e9sence dans la chambre \u00e0 coucher de collecteurs de poussi\u00e8re comme les tapis, les rideaux lourds, les \u00e9tag\u00e8res ouvertes ou encore les peluches.<\/p><p><strong>Air sec de la chambre \u00e0 coucher:<\/strong> l\u2019humidit\u00e9 de l\u2019air dans votre chambre \u00e0 coucher ne doit pas d\u00e9passer les 50%. L\u2019a\u00e9ration r\u00e9p\u00e9t\u00e9e par \u00e0-coups permet \u00e0 l\u2019humidit\u00e9 de l\u2019air de s\u2019\u00e9chapper. Conservez une temp\u00e9rature dans la chambre \u00e0 coucher d\u2019environ 19\u00b0C.<\/p><p><strong>Squames:<\/strong> portez un pyjama pour dormir. Cela permet de r\u00e9duire la pr\u00e9sence de squames sur le matelas, lesquelles constituent la source principale de nourriture des acariens.<\/p>\t\t\t\t\t\t\t\t<\/div>\n\t\t\t\t<\/div>\n\t\t\t\t<div class=\"elementor-element elementor-element-1c8779c elementor-widget elementor-widget-heading\" data-id=\"1c8779c\" data-element_type=\"widget\" data-widget_type=\"heading.default\">\n\t\t\t\t<div class=\"elementor-widget-container\">\n\t\t\t\t\t<h3 class=\"elementor-heading-title elementor-size-default\">Qu'est-ce une acarien<\/h3>\t\t\t\t<\/div>\n\t\t\t\t<\/div>\n\t\t\t\t<div class=\"elementor-element elementor-element-648883f elementor-widget elementor-widget-image\" data-id=\"648883f\" data-element_type=\"widget\" data-widget_type=\"image.default\">\n\t\t\t\t<div class=\"elementor-widget-container\">\n\t\t\t\t\t\t\t\t\t\t\t\t\t\t\t<img fetchpriority=\"high\" decoding=\"async\" width=\"800\" height=\"480\" src=\"https:\/\/www.albis.ch\/wp-content\/uploads\/2022\/05\/hausstaubmilben1.jpg\" class=\"attachment-large size-large wp-image-7695\" alt=\"\" srcset=\"https:\/\/www.albis.ch\/wp-content\/uploads\/2022\/05\/hausstaubmilben1.jpg 1000w, https:\/\/www.albis.ch\/wp-content\/uploads\/2022\/05\/hausstaubmilben1-300x180.jpg 300w, https:\/\/www.albis.ch\/wp-content\/uploads\/2022\/05\/hausstaubmilben1-768x461.jpg 768w, https:\/\/www.albis.ch\/wp-content\/uploads\/2022\/05\/hausstaubmilben1-900x540.jpg 900w\" sizes=\"(max-width: 800px) 100vw, 800px\" \/>\t\t\t\t\t\t\t\t\t\t\t\t\t\t\t<\/div>\n\t\t\t\t<\/div>\n\t\t\t\t<div class=\"elementor-element elementor-element-c75c2a4 elementor-widget elementor-widget-text-editor\" data-id=\"c75c2a4\" data-element_type=\"widget\" data-widget_type=\"text-editor.default\">\n\t\t\t\t<div class=\"elementor-widget-container\">\n\t\t\t\t\t\t\t\t\t<p><b>Causes et d\u00e9clencheurs:<\/b>les acariens ont besoin d&#8217;un environnement chaud, humide et sombre pour vivre et se reproduire &#8211; par exemple le lit. Elle se nourrit de squames humaines et animales. Les agents allerg\u00e8nes ne sont pas les animaux \u00e0 proprement parler, mais leurs d\u00e9jections m\u00e9lang\u00e9es \u00e0 la poussi\u00e8re domestique. <\/p><p><b>Sympt\u00f4mes:<\/b>La r\u00e9action allergique peut varier de la r\u00e9action cutan\u00e9e imm\u00e9diate aux troubles respiratoires graves. Lorsqu\u2019elles se mettent au lit, les personnes atteintes souffrent souvent de fortes d\u00e9mangeaisons, d\u2019un nez congestionn\u00e9, ainsi que d\u2019irritations de la gorge et des yeux. L&#8217;inflammation des voies respiratoires sup\u00e9rieures peut aussi devenir chronique, surtout parce que les acariens sont pr\u00e9sents toute l&#8217;ann\u00e9e. Les sympt\u00f4mes de l&#8217;allergie aux acariens de la poussi\u00e8re de maison se manifestent typiquement le matin et de mani\u00e8re accrue pendant les p\u00e9riodes les plus froides de l&#8217;ann\u00e9e. <\/p><div> <\/div>\t\t\t\t\t\t\t\t<\/div>\n\t\t\t\t<\/div>\n\t\t\t\t<div class=\"elementor-element elementor-element-fb16a8a elementor-widget elementor-widget-heading\" data-id=\"fb16a8a\" data-element_type=\"widget\" data-widget_type=\"heading.default\">\n\t\t\t\t<div class=\"elementor-widget-container\">\n\t\t\t\t\t<h3 class=\"elementor-heading-title elementor-size-default\">Voici comment bioneem\u00ae combat les acariens<\/h3>\t\t\t\t<\/div>\n\t\t\t\t<\/div>\n\t\t\t\t<div class=\"elementor-element elementor-element-995e21b elementor-widget elementor-widget-text-editor\" data-id=\"995e21b\" data-element_type=\"widget\" data-widget_type=\"text-editor.default\">\n\t\t\t\t<div class=\"elementor-widget-container\">\n\t\t\t\t\t\t\t\t\t<p>Nous d\u00e9clarons la guerre aux acariens avec bioneem\u00ae. bioneem\u00ae est une formule 100% naturelle d\u2019agents actifs extraits des graines de l\u2019arbre Neem. Avec cette protection hygi\u00e9nique, les acariens sont comme pris \u00e0 la gorge de fa\u00e7on naturelle. . bioneem\u00ae lutte contre l\u2019envahissement des acariens et emp\u00eache l\u2019apparition d\u2019allerg\u00e8nes, de bact\u00e9ries et de moisissures. Comme il est enrichi aux extraits de millepertuis en microcapsules biologiques, bioneem\u00ae garantit une hygi\u00e8ne encore meilleure et une protection longue dur\u00e9e pour les articles de literie trait\u00e9s, m\u00eame apr\u00e8s plusieurs lavages. Le millepertuis est connu pour ses propri\u00e9t\u00e9s antibact\u00e9riennes. Au bout de quatre \u00e0 cinq ans, il est recommand\u00e9 de vaporiser le spray textile bioneem\u00ae sur les pi\u00e8ces de literie trait\u00e9es. <\/p>\t\t\t\t\t\t\t\t<\/div>\n\t\t\t\t<\/div>\n\t\t\t\t<div class=\"elementor-element elementor-element-511ffcc elementor-widget elementor-widget-image\" data-id=\"511ffcc\" data-element_type=\"widget\" data-widget_type=\"image.default\">\n\t\t\t\t<div class=\"elementor-widget-container\">\n\t\t\t\t\t\t\t\t\t\t\t\t\t\t\t<img decoding=\"async\" width=\"720\" height=\"367\" src=\"https:\/\/www.albis.ch\/wp-content\/uploads\/2021\/06\/Icon_bioneem.png\" class=\"attachment-large size-large wp-image-10174\" alt=\"\" srcset=\"https:\/\/www.albis.ch\/wp-content\/uploads\/2021\/06\/Icon_bioneem.png 720w, https:\/\/www.albis.ch\/wp-content\/uploads\/2021\/06\/Icon_bioneem-300x153.png 300w\" sizes=\"(max-width: 720px) 100vw, 720px\" \/>\t\t\t\t\t\t\t\t\t\t\t\t\t\t\t<\/div>\n\t\t\t\t<\/div>\n\t\t\t\t<div class=\"elementor-element elementor-element-e71f769 elementor-widget elementor-widget-heading\" data-id=\"e71f769\" data-element_type=\"widget\" data-widget_type=\"heading.default\">\n\t\t\t\t<div class=\"elementor-widget-container\">\n\t\t\t\t\t<h3 class=\"elementor-heading-title elementor-size-default\">L\u2019arbe de neem<\/h3>\t\t\t\t<\/div>\n\t\t\t\t<\/div>\n\t\t\t\t<div class=\"elementor-element elementor-element-2bc0d98 elementor-widget elementor-widget-image\" data-id=\"2bc0d98\" data-element_type=\"widget\" data-widget_type=\"image.default\">\n\t\t\t\t<div class=\"elementor-widget-container\">\n\t\t\t\t\t\t\t\t\t\t\t\t\t\t\t<img loading=\"lazy\" decoding=\"async\" width=\"800\" height=\"534\" src=\"https:\/\/www.albis.ch\/wp-content\/uploads\/2022\/05\/niembaum-1024x683.jpg\" class=\"attachment-large size-large wp-image-7700\" alt=\"\" srcset=\"https:\/\/www.albis.ch\/wp-content\/uploads\/2022\/05\/niembaum-1024x683.jpg 1024w, https:\/\/www.albis.ch\/wp-content\/uploads\/2022\/05\/niembaum-300x200.jpg 300w, https:\/\/www.albis.ch\/wp-content\/uploads\/2022\/05\/niembaum-768x512.jpg 768w, https:\/\/www.albis.ch\/wp-content\/uploads\/2022\/05\/niembaum-900x600.jpg 900w, https:\/\/www.albis.ch\/wp-content\/uploads\/2022\/05\/niembaum.jpg 1080w\" sizes=\"(max-width: 800px) 100vw, 800px\" \/>\t\t\t\t\t\t\t\t\t\t\t\t\t\t\t<\/div>\n\t\t\t\t<\/div>\n\t\t\t\t<div class=\"elementor-element elementor-element-fc2cfe6 elementor-widget elementor-widget-text-editor\" data-id=\"fc2cfe6\" data-element_type=\"widget\" data-widget_type=\"text-editor.default\">\n\t\t\t\t<div class=\"elementor-widget-container\">\n\t\t\t\t\t\t\t\t\tLe margousier est originaire d\u2019inde, du Pakistan et de la Birmanie. Il pousse uniquement dans les r\u00e9gions tropicales et subtropicales, et il supporte mal l\u2019humidit\u00e9 et le froid. C\u2019est pourquoi on le trouve principalement dans des plaines arides. L\u2019arbre de neem cro\u00eet assez rapidement et reste g\u00e9n\u00e9ralement vert. Les sp\u00e9cimens les plus hauts atteignent 40 m\u00e8tres, mais la taille moyenne de ces arbres est de 15 \u00e0 20 m\u00e8tres. Lorsque les conditions ne lui sont pas favorables, l\u2019arbre de neem peut perdre ses feuilles; c\u2019est sa parade contre l\u2019ass\u00e8chement. Les racines principales peuvent s\u2019enfoncer dans le sol jusqu\u2019\u00e0 une profondeur qui peut atteindre le double de la hauteur de l\u2019arbre. L\u2019arbre de neem porte ses premiers fruits apr\u00e8s trois \u00e0 quatre ans et atteint sa maturit\u00e9 vers dix ans; sa production est alors de l\u2019ordre de 40 \u00e0 50 kg. Les fruits du margousier contiennent une substance active exceptionnelle, l\u2019azadirachtine. Elle est extraite de l\u2019huile de neem, elle-m\u00eame obtenue par pressage des graines de neem. Cette substance utilis\u00e9e dans des insecticides, des fongicides, des spermicides et des engrais, a des effets antibact\u00e9riens et antiviraux. L\u2019huile de neem est aussi utilis\u00e9e dans la lutte contre les acariens, car l\u2019extrait d\u2019huile de neem rend leur nourriture principale (les squames) impropre \u00e0 la consommation et interrompt simultan\u00e9ment la croissance des larves. Les graines et l\u2019huile de neem sont utilis\u00e9s dans l\u2019agriculture ainsi que par les jardiniers du dimanche comme engrais et pour la lutte intensive contre les insectes, les n\u00e9matodes, les acariens et les maladies cryptogamiques. L\u2019extrait d\u2019huile de neem est aussi utilis\u00e9 en cosm\u00e9tique et en m\u00e9decine.\t\t\t\t\t\t\t\t<\/div>\n\t\t\t\t<\/div>\n\t\t\t\t\t<\/div>\n\t\t<\/div>\n\t\t\t\t\t<\/div>\n\t\t<\/section>\n\t\t\t\t<\/div>\n\t\t","protected":false},"excerpt":{"rendered":"<p>Ce que vous devez savoir \u00e0 ce sujet Allergie aux acariens Un lit avec un oreiller et un duvet moelleux invite \u00e0 de longs moments de d\u00e9tente et assure un sommeil profond et sain. Toutefois, cette ambiance feutr\u00e9e peut \u00e9galement attirer d\u2019autres cr\u00e9atures. Pour les personnes allergiques, en particulier, les acariens de poussi\u00e8re de maison [&hellip;]<\/p>\n","protected":false},"author":3,"featured_media":0,"parent":10169,"menu_order":0,"comment_status":"closed","ping_status":"closed","template":"","meta":{"_acf_changed":false,"footnotes":""},"class_list":["post-10487","page","type-page","status-publish","hentry"],"acf":[],"_links":{"self":[{"href":"https:\/\/www.albis.ch\/fr\/wp-json\/wp\/v2\/pages\/10487","targetHints":{"allow":["GET"]}}],"collection":[{"href":"https:\/\/www.albis.ch\/fr\/wp-json\/wp\/v2\/pages"}],"about":[{"href":"https:\/\/www.albis.ch\/fr\/wp-json\/wp\/v2\/types\/page"}],"author":[{"embeddable":true,"href":"https:\/\/www.albis.ch\/fr\/wp-json\/wp\/v2\/users\/3"}],"replies":[{"embeddable":true,"href":"https:\/\/www.albis.ch\/fr\/wp-json\/wp\/v2\/comments?post=10487"}],"version-history":[{"count":0,"href":"https:\/\/www.albis.ch\/fr\/wp-json\/wp\/v2\/pages\/10487\/revisions"}],"up":[{"embeddable":true,"href":"https:\/\/www.albis.ch\/fr\/wp-json\/wp\/v2\/pages\/10169"}],"wp:attachment":[{"href":"https:\/\/www.albis.ch\/fr\/wp-json\/wp\/v2\/media?parent=10487"}],"curies":[{"name":"wp","href":"https:\/\/api.w.org\/{rel}","templated":true}]}}