{"id":13425,"date":"2023-01-17T13:45:31","date_gmt":"2023-01-17T12:45:31","guid":{"rendered":"https:\/\/www.albis.ch\/50-ans-dalbis\/"},"modified":"2024-07-01T16:36:56","modified_gmt":"2024-07-01T14:36:56","slug":"50-ans-dalbis","status":"publish","type":"page","link":"https:\/\/www.albis.ch\/fr\/50-ans-dalbis\/","title":{"rendered":"50 ans d&#8217;Albis"},"content":{"rendered":"\t\t<div data-elementor-type=\"wp-page\" data-elementor-id=\"13425\" class=\"elementor elementor-13425 elementor-13376\" data-elementor-post-type=\"page\">\n\t\t\t\t\t\t<section class=\"elementor-section elementor-top-section elementor-element elementor-element-104e1d94 elementor-section-height-min-height elementor-section-boxed elementor-section-height-default elementor-section-items-middle\" data-id=\"104e1d94\" data-element_type=\"section\" data-settings=\"{&quot;background_background&quot;:&quot;classic&quot;}\">\n\t\t\t\t\t\t\t<div class=\"elementor-background-overlay\"><\/div>\n\t\t\t\t\t\t\t<div class=\"elementor-container elementor-column-gap-default\">\n\t\t\t\t\t<div class=\"elementor-column elementor-col-50 elementor-top-column elementor-element elementor-element-772ac8e6\" data-id=\"772ac8e6\" data-element_type=\"column\">\n\t\t\t<div class=\"elementor-widget-wrap elementor-element-populated\">\n\t\t\t\t\t\t<div class=\"elementor-element elementor-element-12fc32cd elementor-widget elementor-widget-image\" data-id=\"12fc32cd\" data-element_type=\"widget\" data-widget_type=\"image.default\">\n\t\t\t\t<div class=\"elementor-widget-container\">\n\t\t\t\t\t\t\t\t\t\t\t\t\t\t\t<img fetchpriority=\"high\" decoding=\"async\" width=\"800\" height=\"234\" src=\"https:\/\/www.albis.ch\/wp-content\/uploads\/2023\/01\/albis_Logo_50Ans_weiss-1-1024x299.webp\" class=\"attachment-large size-large wp-image-13390\" alt=\"\" srcset=\"https:\/\/www.albis.ch\/wp-content\/uploads\/2023\/01\/albis_Logo_50Ans_weiss-1-1024x299.webp 1024w, https:\/\/www.albis.ch\/wp-content\/uploads\/2023\/01\/albis_Logo_50Ans_weiss-1-300x88.webp 300w, https:\/\/www.albis.ch\/wp-content\/uploads\/2023\/01\/albis_Logo_50Ans_weiss-1-768x224.webp 768w, https:\/\/www.albis.ch\/wp-content\/uploads\/2023\/01\/albis_Logo_50Ans_weiss-1-1536x448.webp 1536w, https:\/\/www.albis.ch\/wp-content\/uploads\/2023\/01\/albis_Logo_50Ans_weiss-1-900x263.webp 900w, https:\/\/www.albis.ch\/wp-content\/uploads\/2023\/01\/albis_Logo_50Ans_weiss-1.webp 1788w\" sizes=\"(max-width: 800px) 100vw, 800px\" \/>\t\t\t\t\t\t\t\t\t\t\t\t\t\t\t<\/div>\n\t\t\t\t<\/div>\n\t\t\t\t\t<\/div>\n\t\t<\/div>\n\t\t\t\t<div class=\"elementor-column elementor-col-50 elementor-top-column elementor-element elementor-element-189b1fcb\" data-id=\"189b1fcb\" data-element_type=\"column\">\n\t\t\t<div class=\"elementor-widget-wrap elementor-element-populated\">\n\t\t\t\t\t\t<div class=\"elementor-element elementor-element-5e049708 elementor-widget elementor-widget-heading\" data-id=\"5e049708\" data-element_type=\"widget\" data-widget_type=\"heading.default\">\n\t\t\t\t<div class=\"elementor-widget-container\">\n\t\t\t\t\t<h1 class=\"elementor-heading-title elementor-size-default\">L'un des plus anciens fabricants de literie de Suisse a de belles raisons de se r\u00e9jouir<\/h1>\t\t\t\t<\/div>\n\t\t\t\t<\/div>\n\t\t\t\t\t<\/div>\n\t\t<\/div>\n\t\t\t\t\t<\/div>\n\t\t<\/section>\n\t\t\t\t<section class=\"elementor-section elementor-top-section elementor-element elementor-element-58059bed elementor-section-boxed elementor-section-height-default elementor-section-height-default\" data-id=\"58059bed\" data-element_type=\"section\">\n\t\t\t\t\t\t<div class=\"elementor-container elementor-column-gap-default\">\n\t\t\t\t\t<div class=\"elementor-column elementor-col-100 elementor-top-column elementor-element elementor-element-630811b6\" data-id=\"630811b6\" data-element_type=\"column\">\n\t\t\t<div class=\"elementor-widget-wrap elementor-element-populated\">\n\t\t\t\t\t\t<div class=\"elementor-element elementor-element-1acd9bf2 elementor-widget elementor-widget-heading\" data-id=\"1acd9bf2\" data-element_type=\"widget\" data-widget_type=\"heading.default\">\n\t\t\t\t<div class=\"elementor-widget-container\">\n\t\t\t\t\t<h3 class=\"elementor-heading-title elementor-size-default\">C'est dans la r\u00e9gion du S\u00e4uliamt, en plein c\u0153ur du village d'Affoltern am Albis (canton de Zurich), qu'ont \u00e9t\u00e9 con\u00e7us en 1962 dans une ancienne usine de p\u00e2tes alimentaires des produits de literie, des matelas ainsi que des cadres de lit haut de gamme sous le nom de \u00abRiposa\u00bb.<\/h3>\t\t\t\t<\/div>\n\t\t\t\t<\/div>\n\t\t\t\t<div class=\"elementor-element elementor-element-4f3df530 elementor-widget elementor-widget-image\" data-id=\"4f3df530\" data-element_type=\"widget\" data-widget_type=\"image.default\">\n\t\t\t\t<div class=\"elementor-widget-container\">\n\t\t\t\t\t\t\t\t\t\t\t\t\t\t\t<img decoding=\"async\" width=\"640\" height=\"427\" src=\"https:\/\/www.albis.ch\/wp-content\/uploads\/2023\/01\/albis_retro.jpg\" class=\"attachment-large size-large wp-image-13383\" alt=\"\" srcset=\"https:\/\/www.albis.ch\/wp-content\/uploads\/2023\/01\/albis_retro.jpg 640w, https:\/\/www.albis.ch\/wp-content\/uploads\/2023\/01\/albis_retro-300x200.jpg 300w\" sizes=\"(max-width: 640px) 100vw, 640px\" \/>\t\t\t\t\t\t\t\t\t\t\t\t\t\t\t<\/div>\n\t\t\t\t<\/div>\n\t\t\t\t<div class=\"elementor-element elementor-element-16701c57 elementor-widget elementor-widget-text-editor\" data-id=\"16701c57\" data-element_type=\"widget\" data-widget_type=\"text-editor.default\">\n\t\t\t\t<div class=\"elementor-widget-container\">\n\t\t\t\t\t\t\t\t\t<p>Une dizaine d&#8217;ann\u00e9es plus tard \u2013 le 20 juin 1973 pour \u00eatre pr\u00e9cis \u2013, le d\u00e9partement literie a \u00e9t\u00e9 s\u00e9par\u00e9 des autres, donnant naissance \u00e0 l\u2019entreprise Albis Bettwarenfabrik AG. Apr\u00e8s le d\u00e9m\u00e9nagement au sein de la zone d&#8217;activit\u00e9s en 1980 et l&#8217;agrandissement qui en a suivi, nous nous trouvons \u00e0 pr\u00e9sent directement \u00e0 la sortie de l&#8217;autoroute entre Zurich et la Suisse centrale.<\/p>\n\t\t\t\t\t\t\t\t<\/div>\n\t\t\t\t<\/div>\n\t\t\t\t<div class=\"elementor-element elementor-element-33c6b6a1 elementor-widget elementor-widget-text-editor\" data-id=\"33c6b6a1\" data-element_type=\"widget\" data-widget_type=\"text-editor.default\">\n\t\t\t\t<div class=\"elementor-widget-container\">\n\t\t\t\t\t\t\t\t\t<p>Depuis maintenant 50 ans, l&#8217;entreprise Albis produit de la literie haut de gamme confectionn\u00e9e localement pour un sommeil r\u00e9parateur, tout en s&#8217;engageant pour un sommeil de qualit\u00e9.<\/p>\n\t\t\t\t\t\t\t\t<\/div>\n\t\t\t\t<\/div>\n\t\t\t\t<div class=\"elementor-element elementor-element-819c20d elementor-widget elementor-widget-gallery\" data-id=\"819c20d\" data-element_type=\"widget\" data-settings=\"{&quot;lazyload&quot;:&quot;yes&quot;,&quot;gallery_layout&quot;:&quot;grid&quot;,&quot;columns&quot;:4,&quot;columns_tablet&quot;:2,&quot;columns_mobile&quot;:1,&quot;gap&quot;:{&quot;unit&quot;:&quot;px&quot;,&quot;size&quot;:10,&quot;sizes&quot;:[]},&quot;gap_tablet&quot;:{&quot;unit&quot;:&quot;px&quot;,&quot;size&quot;:10,&quot;sizes&quot;:[]},&quot;gap_mobile&quot;:{&quot;unit&quot;:&quot;px&quot;,&quot;size&quot;:10,&quot;sizes&quot;:[]},&quot;link_to&quot;:&quot;file&quot;,&quot;aspect_ratio&quot;:&quot;3:2&quot;,&quot;overlay_background&quot;:&quot;yes&quot;,&quot;content_hover_animation&quot;:&quot;fade-in&quot;}\" data-widget_type=\"gallery.default\">\n\t\t\t\t<div class=\"elementor-widget-container\">\n\t\t\t\t\t\t\t<div class=\"elementor-gallery__container\">\n\t\t\t\t\t\t\t<a class=\"e-gallery-item elementor-gallery-item elementor-animated-content\" href=\"https:\/\/www.albis.ch\/wp-content\/uploads\/2023\/01\/Albis_Bettwaren_Produktion_unbearbeitet_66.jpg\" data-elementor-open-lightbox=\"yes\" data-elementor-lightbox-slideshow=\"819c20d\" data-elementor-lightbox-title=\"Albis_Bettwaren_Produktion_unbearbeitet_66.jpg\" data-e-action-hash=\"#elementor-action%3Aaction%3Dlightbox%26settings%3DeyJpZCI6MTMzOTcsInVybCI6Imh0dHBzOlwvXC93d3cuYWxiaXMuY2hcL3dwLWNvbnRlbnRcL3VwbG9hZHNcLzIwMjNcLzAxXC9BbGJpc19CZXR0d2FyZW5fUHJvZHVrdGlvbl91bmJlYXJiZWl0ZXRfNjYuanBnIiwic2xpZGVzaG93IjoiODE5YzIwZCJ9\">\n\t\t\t\t\t<div class=\"e-gallery-image elementor-gallery-item__image\" data-thumbnail=\"https:\/\/www.albis.ch\/wp-content\/uploads\/2023\/01\/Albis_Bettwaren_Produktion_unbearbeitet_66-300x200.jpg\" data-width=\"300\" data-height=\"200\" aria-label=\"\" role=\"img\" ><\/div>\n\t\t\t\t\t\t\t\t\t\t\t<div class=\"elementor-gallery-item__overlay\"><\/div>\n\t\t\t\t\t\t\t\t\t\t\t\t\t\t<\/a>\n\t\t\t\t\t\t\t<a class=\"e-gallery-item elementor-gallery-item elementor-animated-content\" href=\"https:\/\/www.albis.ch\/wp-content\/uploads\/2023\/01\/Albis_Bettwaren_Produktion_unbearbeitet_77.jpg\" data-elementor-open-lightbox=\"yes\" data-elementor-lightbox-slideshow=\"819c20d\" data-elementor-lightbox-title=\"Albis_Bettwaren_Produktion_unbearbeitet_77.jpg\" data-e-action-hash=\"#elementor-action%3Aaction%3Dlightbox%26settings%3DeyJpZCI6MTMzOTksInVybCI6Imh0dHBzOlwvXC93d3cuYWxiaXMuY2hcL3dwLWNvbnRlbnRcL3VwbG9hZHNcLzIwMjNcLzAxXC9BbGJpc19CZXR0d2FyZW5fUHJvZHVrdGlvbl91bmJlYXJiZWl0ZXRfNzcuanBnIiwic2xpZGVzaG93IjoiODE5YzIwZCJ9\">\n\t\t\t\t\t<div class=\"e-gallery-image elementor-gallery-item__image\" data-thumbnail=\"https:\/\/www.albis.ch\/wp-content\/uploads\/2023\/01\/Albis_Bettwaren_Produktion_unbearbeitet_77-300x200.jpg\" data-width=\"300\" data-height=\"200\" aria-label=\"\" role=\"img\" ><\/div>\n\t\t\t\t\t\t\t\t\t\t\t<div class=\"elementor-gallery-item__overlay\"><\/div>\n\t\t\t\t\t\t\t\t\t\t\t\t\t\t<\/a>\n\t\t\t\t\t\t\t<a class=\"e-gallery-item elementor-gallery-item elementor-animated-content\" href=\"https:\/\/www.albis.ch\/wp-content\/uploads\/2023\/01\/Albis_Bettwaren_Produktion_unbearbeitet_06.jpg\" data-elementor-open-lightbox=\"yes\" data-elementor-lightbox-slideshow=\"819c20d\" data-elementor-lightbox-title=\"Albis_Bettwaren_Produktion_unbearbeitet_06.jpg\" data-e-action-hash=\"#elementor-action%3Aaction%3Dlightbox%26settings%3DeyJpZCI6MTM0MDEsInVybCI6Imh0dHBzOlwvXC93d3cuYWxiaXMuY2hcL3dwLWNvbnRlbnRcL3VwbG9hZHNcLzIwMjNcLzAxXC9BbGJpc19CZXR0d2FyZW5fUHJvZHVrdGlvbl91bmJlYXJiZWl0ZXRfMDYuanBnIiwic2xpZGVzaG93IjoiODE5YzIwZCJ9\">\n\t\t\t\t\t<div class=\"e-gallery-image elementor-gallery-item__image\" data-thumbnail=\"https:\/\/www.albis.ch\/wp-content\/uploads\/2023\/01\/Albis_Bettwaren_Produktion_unbearbeitet_06-300x200.jpg\" data-width=\"300\" data-height=\"200\" aria-label=\"\" role=\"img\" ><\/div>\n\t\t\t\t\t\t\t\t\t\t\t<div class=\"elementor-gallery-item__overlay\"><\/div>\n\t\t\t\t\t\t\t\t\t\t\t\t\t\t<\/a>\n\t\t\t\t\t\t\t<a class=\"e-gallery-item elementor-gallery-item elementor-animated-content\" href=\"https:\/\/www.albis.ch\/wp-content\/uploads\/2023\/01\/Albis_Bettwaren_Produktion_unbearbeitet_27.jpg\" data-elementor-open-lightbox=\"yes\" data-elementor-lightbox-slideshow=\"819c20d\" data-elementor-lightbox-title=\"Albis_Bettwaren_Produktion_unbearbeitet_27.jpg\" data-e-action-hash=\"#elementor-action%3Aaction%3Dlightbox%26settings%3DeyJpZCI6MTM0MDMsInVybCI6Imh0dHBzOlwvXC93d3cuYWxiaXMuY2hcL3dwLWNvbnRlbnRcL3VwbG9hZHNcLzIwMjNcLzAxXC9BbGJpc19CZXR0d2FyZW5fUHJvZHVrdGlvbl91bmJlYXJiZWl0ZXRfMjcuanBnIiwic2xpZGVzaG93IjoiODE5YzIwZCJ9\">\n\t\t\t\t\t<div class=\"e-gallery-image elementor-gallery-item__image\" data-thumbnail=\"https:\/\/www.albis.ch\/wp-content\/uploads\/2023\/01\/Albis_Bettwaren_Produktion_unbearbeitet_27-300x200.jpg\" data-width=\"300\" data-height=\"200\" aria-label=\"\" role=\"img\" ><\/div>\n\t\t\t\t\t\t\t\t\t\t\t<div class=\"elementor-gallery-item__overlay\"><\/div>\n\t\t\t\t\t\t\t\t\t\t\t\t\t\t<\/a>\n\t\t\t\t\t\t\t<a class=\"e-gallery-item elementor-gallery-item elementor-animated-content\" href=\"https:\/\/www.albis.ch\/wp-content\/uploads\/2023\/01\/Albis_Bettwaren_Produktion_unbearbeitet_63.jpg\" data-elementor-open-lightbox=\"yes\" data-elementor-lightbox-slideshow=\"819c20d\" data-elementor-lightbox-title=\"Albis_Bettwaren_Produktion_unbearbeitet_63.jpg\" data-e-action-hash=\"#elementor-action%3Aaction%3Dlightbox%26settings%3DeyJpZCI6MTM0MDUsInVybCI6Imh0dHBzOlwvXC93d3cuYWxiaXMuY2hcL3dwLWNvbnRlbnRcL3VwbG9hZHNcLzIwMjNcLzAxXC9BbGJpc19CZXR0d2FyZW5fUHJvZHVrdGlvbl91bmJlYXJiZWl0ZXRfNjMuanBnIiwic2xpZGVzaG93IjoiODE5YzIwZCJ9\">\n\t\t\t\t\t<div class=\"e-gallery-image elementor-gallery-item__image\" data-thumbnail=\"https:\/\/www.albis.ch\/wp-content\/uploads\/2023\/01\/Albis_Bettwaren_Produktion_unbearbeitet_63-300x200.jpg\" data-width=\"300\" data-height=\"200\" aria-label=\"\" role=\"img\" ><\/div>\n\t\t\t\t\t\t\t\t\t\t\t<div class=\"elementor-gallery-item__overlay\"><\/div>\n\t\t\t\t\t\t\t\t\t\t\t\t\t\t<\/a>\n\t\t\t\t\t\t\t<a class=\"e-gallery-item elementor-gallery-item elementor-animated-content\" href=\"https:\/\/www.albis.ch\/wp-content\/uploads\/2023\/01\/Albis_Bettwaren_Produktion_unbearbeitet_73.jpg\" data-elementor-open-lightbox=\"yes\" data-elementor-lightbox-slideshow=\"819c20d\" data-elementor-lightbox-title=\"Albis_Bettwaren_Produktion_unbearbeitet_73.jpg\" data-e-action-hash=\"#elementor-action%3Aaction%3Dlightbox%26settings%3DeyJpZCI6MTM0MDcsInVybCI6Imh0dHBzOlwvXC93d3cuYWxiaXMuY2hcL3dwLWNvbnRlbnRcL3VwbG9hZHNcLzIwMjNcLzAxXC9BbGJpc19CZXR0d2FyZW5fUHJvZHVrdGlvbl91bmJlYXJiZWl0ZXRfNzMuanBnIiwic2xpZGVzaG93IjoiODE5YzIwZCJ9\">\n\t\t\t\t\t<div class=\"e-gallery-image elementor-gallery-item__image\" data-thumbnail=\"https:\/\/www.albis.ch\/wp-content\/uploads\/2023\/01\/Albis_Bettwaren_Produktion_unbearbeitet_73-200x300.jpg\" data-width=\"200\" data-height=\"300\" aria-label=\"\" role=\"img\" ><\/div>\n\t\t\t\t\t\t\t\t\t\t\t<div class=\"elementor-gallery-item__overlay\"><\/div>\n\t\t\t\t\t\t\t\t\t\t\t\t\t\t<\/a>\n\t\t\t\t\t\t\t<a class=\"e-gallery-item elementor-gallery-item elementor-animated-content\" href=\"https:\/\/www.albis.ch\/wp-content\/uploads\/2023\/01\/Albis_Bettwaren_Produktion_unbearbeitet_20.jpg\" data-elementor-open-lightbox=\"yes\" data-elementor-lightbox-slideshow=\"819c20d\" data-elementor-lightbox-title=\"Albis_Bettwaren_Produktion_unbearbeitet_20.jpg\" data-e-action-hash=\"#elementor-action%3Aaction%3Dlightbox%26settings%3DeyJpZCI6MTM0MDksInVybCI6Imh0dHBzOlwvXC93d3cuYWxiaXMuY2hcL3dwLWNvbnRlbnRcL3VwbG9hZHNcLzIwMjNcLzAxXC9BbGJpc19CZXR0d2FyZW5fUHJvZHVrdGlvbl91bmJlYXJiZWl0ZXRfMjAuanBnIiwic2xpZGVzaG93IjoiODE5YzIwZCJ9\">\n\t\t\t\t\t<div class=\"e-gallery-image elementor-gallery-item__image\" data-thumbnail=\"https:\/\/www.albis.ch\/wp-content\/uploads\/2023\/01\/Albis_Bettwaren_Produktion_unbearbeitet_20-300x200.jpg\" data-width=\"300\" data-height=\"200\" aria-label=\"\" role=\"img\" ><\/div>\n\t\t\t\t\t\t\t\t\t\t\t<div class=\"elementor-gallery-item__overlay\"><\/div>\n\t\t\t\t\t\t\t\t\t\t\t\t\t\t<\/a>\n\t\t\t\t\t\t\t<a class=\"e-gallery-item elementor-gallery-item elementor-animated-content\" href=\"https:\/\/www.albis.ch\/wp-content\/uploads\/2023\/01\/Albis_Bettwaren_Produktion_unbearbeitet_23.jpg\" data-elementor-open-lightbox=\"yes\" data-elementor-lightbox-slideshow=\"819c20d\" data-elementor-lightbox-title=\"Albis_Bettwaren_Produktion_unbearbeitet_23.jpg\" data-e-action-hash=\"#elementor-action%3Aaction%3Dlightbox%26settings%3DeyJpZCI6MTM0MTEsInVybCI6Imh0dHBzOlwvXC93d3cuYWxiaXMuY2hcL3dwLWNvbnRlbnRcL3VwbG9hZHNcLzIwMjNcLzAxXC9BbGJpc19CZXR0d2FyZW5fUHJvZHVrdGlvbl91bmJlYXJiZWl0ZXRfMjMuanBnIiwic2xpZGVzaG93IjoiODE5YzIwZCJ9\">\n\t\t\t\t\t<div class=\"e-gallery-image elementor-gallery-item__image\" data-thumbnail=\"https:\/\/www.albis.ch\/wp-content\/uploads\/2023\/01\/Albis_Bettwaren_Produktion_unbearbeitet_23-300x200.jpg\" data-width=\"300\" data-height=\"200\" aria-label=\"\" role=\"img\" ><\/div>\n\t\t\t\t\t\t\t\t\t\t\t<div class=\"elementor-gallery-item__overlay\"><\/div>\n\t\t\t\t\t\t\t\t\t\t\t\t\t\t<\/a>\n\t\t\t\t\t<\/div>\n\t\t\t\t\t<\/div>\n\t\t\t\t<\/div>\n\t\t\t\t<div class=\"elementor-element elementor-element-7962fffd elementor-widget elementor-widget-text-editor\" data-id=\"7962fffd\" data-element_type=\"widget\" data-widget_type=\"text-editor.default\">\n\t\t\t\t<div class=\"elementor-widget-container\">\n\t\t\t\t\t\t\t\t\t<p>Profond\u00e9ment enracin\u00e9s en Suisse, nous connaissons les habitudes de sommeil et les exigences de qualit\u00e9 individuelles des consommatrices et consommateurs suisses.<\/p>\n<p>Notre literie est produite de mani\u00e8re cibl\u00e9e pour les besoins et le climat propres \u00e0 la Suisse.<\/p>\n<p>Entreprise familiale \u00e0 la riche tradition et membre fondateur de l&#8217;Association suisse des manufactures de literie (VSB Swiss Guaranty), nous nous portons garants d&#8217;une transformation irr\u00e9prochable des mati\u00e8res premi\u00e8res pour en faire na\u00eetre couettes et oreillers. Dans le respect de toutes les normes concernant la qualit\u00e9, l&#8217;hygi\u00e8ne et le bien-\u00eatre animal.<\/p>\n<p>Nos produits renferment une grande dose de qualit\u00e9, d&#8217;amour du d\u00e9tail et de respect. Mati\u00e8res premi\u00e8res haut de gamme et tissus les plus fins sont sublim\u00e9s avec minutie par nos collaboratrices et collaborateurs, puis transform\u00e9s en couettes et oreillers. Notre exigence de qualit\u00e9 s&#8217;exprime entre autres \u00e0 travers notre exceptionnelle garantie de 5 ans appliqu\u00e9e sur tous nos produits en duvet et plumes.  <\/p>\n<p>Le respect de la nature et du monde animal constitue \u00e0 nos yeux \u00e9galement un facteur important. Pour cette raison, nous transformons exclusivement des duvets, des plumes de canards et d&#8217;oies non gav\u00e9s, lesquels ont \u00e9t\u00e9 \u00e9lev\u00e9s \u00e0 l&#8217;air libre. <\/p>\n\t\t\t\t\t\t\t\t<\/div>\n\t\t\t\t<\/div>\n\t\t\t\t<div class=\"elementor-element elementor-element-464cd10c elementor-widget elementor-widget-text-editor\" data-id=\"464cd10c\" data-element_type=\"widget\" data-widget_type=\"text-editor.default\">\n\t\t\t\t<div class=\"elementor-widget-container\">\n\t\t\t\t\t\t\t\t\t<p>50 ans plus tard, nous poursuivons notre engagement pour un sommeil suisse de grande qualit\u00e9 et attachons encore plus d&#8217;importance \u00e0 une bonne gestion des ressources ainsi qu&#8217;au d\u00e9veloppement durable.<\/p>\n\t\t\t\t\t\t\t\t<\/div>\n\t\t\t\t<\/div>\n\t\t\t\t<div class=\"elementor-element elementor-element-3f9338e4 elementor-align-right elementor-mobile-align-left elementor-widget elementor-widget-button\" data-id=\"3f9338e4\" data-element_type=\"widget\" data-widget_type=\"button.default\">\n\t\t\t\t<div class=\"elementor-widget-container\">\n\t\t\t\t\t\t\t\t\t<div class=\"elementor-button-wrapper\">\n\t\t\t\t\t<a class=\"elementor-button elementor-button-link elementor-size-sm\" href=\"https:\/\/www.albis.ch\/fr\/lentreprise\/#nachhaltig\">\n\t\t\t\t\t\t<span class=\"elementor-button-content-wrapper\">\n\t\t\t\t\t\t\t\t\t<span class=\"elementor-button-text\">en savoir plus sur notre durabilit\u00e9<\/span>\n\t\t\t\t\t<\/span>\n\t\t\t\t\t<\/a>\n\t\t\t\t<\/div>\n\t\t\t\t\t\t\t\t<\/div>\n\t\t\t\t<\/div>\n\t\t\t\t\t<\/div>\n\t\t<\/div>\n\t\t\t\t\t<\/div>\n\t\t<\/section>\n\t\t\t\t<\/div>\n\t\t","protected":false},"excerpt":{"rendered":"<p>L&#8217;un des plus anciens fabricants de literie de Suisse a de belles raisons de se r\u00e9jouir C&#8217;est dans la r\u00e9gion du S\u00e4uliamt, en plein c\u0153ur du village d&#8217;Affoltern am Albis (canton de Zurich), qu&#8217;ont \u00e9t\u00e9 con\u00e7us en 1962 dans une ancienne usine de p\u00e2tes alimentaires des produits de literie, des matelas ainsi que des cadres [&hellip;]<\/p>\n","protected":false},"author":2,"featured_media":0,"parent":0,"menu_order":0,"comment_status":"closed","ping_status":"closed","template":"","meta":{"_acf_changed":false,"footnotes":""},"class_list":["post-13425","page","type-page","status-publish","hentry"],"acf":[],"_links":{"self":[{"href":"https:\/\/www.albis.ch\/fr\/wp-json\/wp\/v2\/pages\/13425","targetHints":{"allow":["GET"]}}],"collection":[{"href":"https:\/\/www.albis.ch\/fr\/wp-json\/wp\/v2\/pages"}],"about":[{"href":"https:\/\/www.albis.ch\/fr\/wp-json\/wp\/v2\/types\/page"}],"author":[{"embeddable":true,"href":"https:\/\/www.albis.ch\/fr\/wp-json\/wp\/v2\/users\/2"}],"replies":[{"embeddable":true,"href":"https:\/\/www.albis.ch\/fr\/wp-json\/wp\/v2\/comments?post=13425"}],"version-history":[{"count":0,"href":"https:\/\/www.albis.ch\/fr\/wp-json\/wp\/v2\/pages\/13425\/revisions"}],"wp:attachment":[{"href":"https:\/\/www.albis.ch\/fr\/wp-json\/wp\/v2\/media?parent=13425"}],"curies":[{"name":"wp","href":"https:\/\/api.w.org\/{rel}","templated":true}]}}