{"id":10787,"date":"2022-06-21T20:48:46","date_gmt":"2022-07-07T13:02:21","guid":{"rendered":"https:\/\/www.albis.ch\/produkt\/sachet-de-garnissage-duvet-doie-100\/"},"modified":"2023-08-09T11:28:13","modified_gmt":"2023-08-09T09:28:13","slug":"nachfuellbeutel-gaensedaunen-100","status":"publish","type":"product","link":"https:\/\/www.albis.ch\/fr\/produit\/nachfuellbeutel-gaensedaunen-100\/","title":{"rendered":"Sachet de garnissage duvet d\u2019oie 100%"},"content":{"rendered":"<p>100 % duvet neuf d\u2019oie europ\u00e9enne pure, blanche, \u00e0 tr\u00e8s gros flocons<\/p>\n","protected":false},"excerpt":{"rendered":"<p>100 % duvet neuf d\u2019oie europ\u00e9enne pure, blanche, \u00e0 tr\u00e8s gros flocons<\/p>\n","protected":false},"featured_media":9486,"template":"","meta":{"_acf_changed":false},"product_brand":[],"product_cat":[320,325],"product_tag":[],"class_list":{"0":"post-10787","1":"product","2":"type-product","3":"status-publish","4":"has-post-thumbnail","6":"product_cat-accessoires","7":"product_cat-sachet-de-garnissage","8":"pa_goesse-nachfuellbeutel-l-fr","9":"pa_goesse-nachfuellbeutel-m-fr","10":"pa_goesse-nachfuellbeutel-s-fr","12":"first","13":"instock","14":"taxable","15":"shipping-taxable","16":"purchasable","17":"product-type-variable"},"acf":[],"_links":{"self":[{"href":"https:\/\/www.albis.ch\/fr\/wp-json\/wp\/v2\/product\/10787","targetHints":{"allow":["GET"]}}],"collection":[{"href":"https:\/\/www.albis.ch\/fr\/wp-json\/wp\/v2\/product"}],"about":[{"href":"https:\/\/www.albis.ch\/fr\/wp-json\/wp\/v2\/types\/product"}],"version-history":[{"count":0,"href":"https:\/\/www.albis.ch\/fr\/wp-json\/wp\/v2\/product\/10787\/revisions"}],"wp:featuredmedia":[{"embeddable":true,"href":"https:\/\/www.albis.ch\/fr\/wp-json\/wp\/v2\/media\/9486"}],"wp:attachment":[{"href":"https:\/\/www.albis.ch\/fr\/wp-json\/wp\/v2\/media?parent=10787"}],"wp:term":[{"taxonomy":"product_brand","embeddable":true,"href":"https:\/\/www.albis.ch\/fr\/wp-json\/wp\/v2\/product_brand?post=10787"},{"taxonomy":"product_cat","embeddable":true,"href":"https:\/\/www.albis.ch\/fr\/wp-json\/wp\/v2\/product_cat?post=10787"},{"taxonomy":"product_tag","embeddable":true,"href":"https:\/\/www.albis.ch\/fr\/wp-json\/wp\/v2\/product_tag?post=10787"}],"curies":[{"name":"wp","href":"https:\/\/api.w.org\/{rel}","templated":true}]}}