{"id":10980,"date":"2022-06-21T11:34:45","date_gmt":"2022-07-07T14:48:41","guid":{"rendered":"https:\/\/www.albis.ch\/produkt\/surmatelas-outlast-piu\/"},"modified":"2023-08-09T11:30:51","modified_gmt":"2023-08-09T09:30:51","slug":"surmatelas-outlast-piu","status":"publish","type":"product","link":"https:\/\/www.albis.ch\/fr\/produit\/surmatelas-outlast-piu\/","title":{"rendered":"Surmatelas Outlast\u00ae-Piu"},"content":{"rendered":"<p><strong>Surmatelas avec r\u00e9gulation active de la chaleur<\/strong><\/p>\n<p>R\u00e9gulation du climat gr\u00e2ce \u00e0 technologie innovante Outlast\u00ae.<\/p>\n","protected":false},"excerpt":{"rendered":"<ul>\n<li>Surmatelas<\/li>\n<li>R\u00e9gulation active de la temp\u00e9rature gr\u00e2ce \u00e0 la technologie Outlast\u00ae<\/li>\n<li>Gestion optimale de la temp\u00e9rature et de l\u2019humidit\u00e9<\/li>\n<li>S\u2019adapte aux besoins de chaleur<\/li>\n<li>R\u00e9duit le risque de surchauffe ou de froid<\/li>\n<li>Avec bande \u00e9lastique aux coins<\/li>\n<li>Viscose Outlast\u00ae associ\u00e9e aux fibres de ma\u00efs merveilleusement bouffantes<\/li>\n<li>Lavable jusqu\u2019\u00e0 40 \u00b0C<\/li>\n<\/ul>\n","protected":false},"featured_media":9425,"template":"","meta":{"_acf_changed":false},"product_brand":[],"product_cat":[247,248,250,320,324],"product_tag":[],"class_list":{"0":"post-10980","1":"product","2":"type-product","3":"status-publish","4":"has-post-thumbnail","6":"product_cat-duvet","7":"product_cat-fibres-techniques-et-synthetiques","8":"product_cat-accessoires-synthetiques","9":"product_cat-accessoires","10":"product_cat-surmatelas","11":"pa_fuellmaterial-fibres-techniques-et-synthetiques","13":"first","14":"instock","15":"taxable","16":"shipping-taxable","17":"purchasable","18":"product-type-variable"},"acf":[],"_links":{"self":[{"href":"https:\/\/www.albis.ch\/fr\/wp-json\/wp\/v2\/product\/10980","targetHints":{"allow":["GET"]}}],"collection":[{"href":"https:\/\/www.albis.ch\/fr\/wp-json\/wp\/v2\/product"}],"about":[{"href":"https:\/\/www.albis.ch\/fr\/wp-json\/wp\/v2\/types\/product"}],"version-history":[{"count":0,"href":"https:\/\/www.albis.ch\/fr\/wp-json\/wp\/v2\/product\/10980\/revisions"}],"wp:featuredmedia":[{"embeddable":true,"href":"https:\/\/www.albis.ch\/fr\/wp-json\/wp\/v2\/media\/9425"}],"wp:attachment":[{"href":"https:\/\/www.albis.ch\/fr\/wp-json\/wp\/v2\/media?parent=10980"}],"wp:term":[{"taxonomy":"product_brand","embeddable":true,"href":"https:\/\/www.albis.ch\/fr\/wp-json\/wp\/v2\/product_brand?post=10980"},{"taxonomy":"product_cat","embeddable":true,"href":"https:\/\/www.albis.ch\/fr\/wp-json\/wp\/v2\/product_cat?post=10980"},{"taxonomy":"product_tag","embeddable":true,"href":"https:\/\/www.albis.ch\/fr\/wp-json\/wp\/v2\/product_tag?post=10980"}],"curies":[{"name":"wp","href":"https:\/\/api.w.org\/{rel}","templated":true}]}}