{"id":10986,"date":"2022-06-21T08:19:32","date_gmt":"2022-07-07T14:56:29","guid":{"rendered":"https:\/\/www.albis.ch\/produkt\/climapur\/"},"modified":"2023-08-09T11:31:50","modified_gmt":"2023-08-09T09:31:50","slug":"climapur","status":"publish","type":"product","link":"https:\/\/www.albis.ch\/fr\/produit\/climapur\/","title":{"rendered":"Climapur"},"content":{"rendered":"<p><strong>Oreiller en Tencel\u2122-Lyocell pour un maximum de confort de sommeil<\/strong><\/p>\n<p>Oreiller int\u00e9rieur avec fermeture \u00e9clair pour une force de soutien ajustable individuellement.<\/p>\n","protected":false},"excerpt":{"rendered":"<ul>\n<li>Oreiller int\u00e9rieur ajustable gr\u00e2ce \u00e0 la fermeture \u00e9clair<\/li>\n<li>Gestion optimale de la temp\u00e9rature et de l\u2019humidit\u00e9<\/li>\n<li>Confort maximal m\u00eame en cas de transpiration importante<\/li>\n<li>Doux sur la peau<\/li>\n<li>Test\u00e9 dermatologiquement<\/li>\n<li>Tencel\u2122-Lyocell fibre 100 % naturelle en pure cellulose de bois<\/li>\n<li>Poche de recharge disponible s\u00e9par\u00e9ment<\/li>\n<li>Taie: lavable jusqu\u2019\u00e0 40\u00b0C<\/li>\n<li>Oreiller int\u00e9rieur: lavable jusqu\u2019\u00e0 60\u00b0C<\/li>\n<\/ul>\n","protected":false},"featured_media":9147,"template":"","meta":{"_acf_changed":false},"product_brand":[],"product_cat":[302,310,312],"product_tag":[],"class_list":{"0":"post-10986","1":"product","2":"type-product","3":"status-publish","4":"has-post-thumbnail","6":"product_cat-oreiller","7":"product_cat-fibres-naturels-oreiller","8":"product_cat-tencel-lyocell-oreiller","9":"pa_fuellmaterial-fibres-naturels","11":"first","12":"instock","13":"taxable","14":"shipping-taxable","15":"purchasable","16":"product-type-variable"},"acf":[],"_links":{"self":[{"href":"https:\/\/www.albis.ch\/fr\/wp-json\/wp\/v2\/product\/10986","targetHints":{"allow":["GET"]}}],"collection":[{"href":"https:\/\/www.albis.ch\/fr\/wp-json\/wp\/v2\/product"}],"about":[{"href":"https:\/\/www.albis.ch\/fr\/wp-json\/wp\/v2\/types\/product"}],"version-history":[{"count":0,"href":"https:\/\/www.albis.ch\/fr\/wp-json\/wp\/v2\/product\/10986\/revisions"}],"wp:featuredmedia":[{"embeddable":true,"href":"https:\/\/www.albis.ch\/fr\/wp-json\/wp\/v2\/media\/9147"}],"wp:attachment":[{"href":"https:\/\/www.albis.ch\/fr\/wp-json\/wp\/v2\/media?parent=10986"}],"wp:term":[{"taxonomy":"product_brand","embeddable":true,"href":"https:\/\/www.albis.ch\/fr\/wp-json\/wp\/v2\/product_brand?post=10986"},{"taxonomy":"product_cat","embeddable":true,"href":"https:\/\/www.albis.ch\/fr\/wp-json\/wp\/v2\/product_cat?post=10986"},{"taxonomy":"product_tag","embeddable":true,"href":"https:\/\/www.albis.ch\/fr\/wp-json\/wp\/v2\/product_tag?post=10986"}],"curies":[{"name":"wp","href":"https:\/\/api.w.org\/{rel}","templated":true}]}}