{"id":11041,"date":"2022-05-31T05:48:31","date_gmt":"2022-07-07T15:50:54","guid":{"rendered":"https:\/\/www.albis.ch\/produkt\/ciro\/"},"modified":"2023-08-09T11:32:58","modified_gmt":"2023-08-09T09:32:58","slug":"ciro","status":"publish","type":"product","link":"https:\/\/www.albis.ch\/fr\/produit\/ciro\/","title":{"rendered":"Ciro"},"content":{"rendered":"<p><strong>Oreiller enfant millet bio<\/strong><\/p>\n<p>S\u2019adapte parfaitement de mani\u00e8re ergonomique \u00e0 la forme de la t\u00eate.<\/p>\n","protected":false},"excerpt":{"rendered":"<ul>\n<li>Oreiller enfant millet bio<\/li>\n<li>100% naturel<\/li>\n<li>Oreiller \u00e0 graines agr\u00e9able et d\u00e9licat<\/li>\n<li>S\u2019adapte parfaitement \u00e0 l\u2019anatomie de la t\u00eate<\/li>\n<li>Pas lavable<\/li>\n<\/ul>\n","protected":false},"featured_media":8405,"template":"","meta":{"_acf_changed":false},"product_brand":[],"product_cat":[272,276,279],"product_tag":[],"class_list":{"0":"post-11041","1":"product","2":"type-product","3":"status-publish","4":"has-post-thumbnail","6":"product_cat-entfants","7":"product_cat-oreiller-entfants","8":"product_cat-balle-de-millet-oreiller-entfants","9":"pa_fuellmaterial-balle-de-millet","11":"first","12":"instock","13":"taxable","14":"shipping-taxable","15":"purchasable","16":"product-type-variable"},"acf":[],"_links":{"self":[{"href":"https:\/\/www.albis.ch\/fr\/wp-json\/wp\/v2\/product\/11041","targetHints":{"allow":["GET"]}}],"collection":[{"href":"https:\/\/www.albis.ch\/fr\/wp-json\/wp\/v2\/product"}],"about":[{"href":"https:\/\/www.albis.ch\/fr\/wp-json\/wp\/v2\/types\/product"}],"version-history":[{"count":0,"href":"https:\/\/www.albis.ch\/fr\/wp-json\/wp\/v2\/product\/11041\/revisions"}],"wp:featuredmedia":[{"embeddable":true,"href":"https:\/\/www.albis.ch\/fr\/wp-json\/wp\/v2\/media\/8405"}],"wp:attachment":[{"href":"https:\/\/www.albis.ch\/fr\/wp-json\/wp\/v2\/media?parent=11041"}],"wp:term":[{"taxonomy":"product_brand","embeddable":true,"href":"https:\/\/www.albis.ch\/fr\/wp-json\/wp\/v2\/product_brand?post=11041"},{"taxonomy":"product_cat","embeddable":true,"href":"https:\/\/www.albis.ch\/fr\/wp-json\/wp\/v2\/product_cat?post=11041"},{"taxonomy":"product_tag","embeddable":true,"href":"https:\/\/www.albis.ch\/fr\/wp-json\/wp\/v2\/product_tag?post=11041"}],"curies":[{"name":"wp","href":"https:\/\/api.w.org\/{rel}","templated":true}]}}