{"id":11381,"date":"2022-04-09T10:21:29","date_gmt":"2022-07-08T09:29:51","guid":{"rendered":"https:\/\/www.albis.ch\/produkt\/climapur-duvet-leger-pour-toute-lannee\/"},"modified":"2023-08-09T16:05:12","modified_gmt":"2023-08-09T14:05:12","slug":"climapur-leichtes-ganzjahresduvet","status":"publish","type":"product","link":"https:\/\/www.albis.ch\/fr\/produit\/climapur-leichtes-ganzjahresduvet\/","title":{"rendered":"Climapur Duvet l\u00e9ger pour toute l\u2019ann\u00e9e"},"content":{"rendered":"<p><strong>Parfait climat de confort pour toute la nuit avec la fibre de bois Tencel\u2122-Lyocell<\/strong><\/p>\n<p>Fibre 100 % naturelle en pure cellulose de bois dans le garnissage et le tissu.<\/p>\n","protected":false},"excerpt":{"rendered":"<ul>\n<li>Climat id\u00e9al gr\u00e2ce \u00e0 l\u2019agr\u00e9able sensation de sommeil au sec<\/li>\n<li>Gestion optimale de la temp\u00e9rature et de l\u2019humidit\u00e9<\/li>\n<li>Confort maximal m\u00eame en cas de transpiration importante<\/li>\n<li>Doux sur la peau<\/li>\n<li>Test\u00e9 dermatologiquement<\/li>\n<li>Parfaite association du 100% TENCELTM-Lyocell dans le tissu et le garnissage<\/li>\n<li>Fibre 100 % naturelle en pure cellulose de bois<\/li>\n<li>L\u2019exceptionnelle microstructure \u00e9vacue de mani\u00e8re accrue<\/li>\n<li>l\u2019humidit\u00e9 et la vapeur d\u00e9gag\u00e9e par le corps<\/li>\n<li>Lavable jusqu\u2019\u00e0 40 \u00b0C<\/li>\n<\/ul>\n","protected":false},"featured_media":9569,"template":"","meta":{"_acf_changed":false},"product_brand":[],"product_cat":[247,252,254],"product_tag":[],"class_list":{"0":"post-11381","1":"product","2":"type-product","3":"status-publish","4":"has-post-thumbnail","6":"product_cat-duvet","7":"product_cat-fibres-naturels","8":"product_cat-tencel-lyocell","9":"pa_fuellmaterial-fibres-naturels","11":"first","12":"instock","13":"taxable","14":"shipping-taxable","15":"purchasable","16":"product-type-variable"},"acf":[],"_links":{"self":[{"href":"https:\/\/www.albis.ch\/fr\/wp-json\/wp\/v2\/product\/11381","targetHints":{"allow":["GET"]}}],"collection":[{"href":"https:\/\/www.albis.ch\/fr\/wp-json\/wp\/v2\/product"}],"about":[{"href":"https:\/\/www.albis.ch\/fr\/wp-json\/wp\/v2\/types\/product"}],"version-history":[{"count":0,"href":"https:\/\/www.albis.ch\/fr\/wp-json\/wp\/v2\/product\/11381\/revisions"}],"wp:featuredmedia":[{"embeddable":true,"href":"https:\/\/www.albis.ch\/fr\/wp-json\/wp\/v2\/media\/9569"}],"wp:attachment":[{"href":"https:\/\/www.albis.ch\/fr\/wp-json\/wp\/v2\/media?parent=11381"}],"wp:term":[{"taxonomy":"product_brand","embeddable":true,"href":"https:\/\/www.albis.ch\/fr\/wp-json\/wp\/v2\/product_brand?post=11381"},{"taxonomy":"product_cat","embeddable":true,"href":"https:\/\/www.albis.ch\/fr\/wp-json\/wp\/v2\/product_cat?post=11381"},{"taxonomy":"product_tag","embeddable":true,"href":"https:\/\/www.albis.ch\/fr\/wp-json\/wp\/v2\/product_tag?post=11381"}],"curies":[{"name":"wp","href":"https:\/\/api.w.org\/{rel}","templated":true}]}}