{"id":18418,"date":"2023-08-14T15:58:32","date_gmt":"2023-11-17T09:44:16","guid":{"rendered":"https:\/\/www.albis.ch\/?post_type=product&#038;p=18418"},"modified":"2023-11-17T10:44:16","modified_gmt":"2023-11-17T09:44:16","slug":"skinnatur-dessous-de-verre-rectangulaire","status":"publish","type":"product","link":"https:\/\/www.albis.ch\/fr\/produit\/skinnatur-dessous-de-verre-rectangulaire\/","title":{"rendered":"Skinnatur dessous de verre rectangulaire"},"content":{"rendered":"<p>Les luxueux dessous de verre de Skinnatur sont fabriqu\u00e9s de mani\u00e8re durable et en cuir recycl\u00e9.<\/p>\n<p><img decoding=\"async\" class=\"alignnone size-full wp-image-18465\" src=\"https:\/\/www.albis.ch\/wp-content\/uploads\/2023\/08\/SkinNatur-logo.jpg\" alt=\"\" width=\"158\" height=\"66\"><\/p>\n<p>Set de 4 pi\u00e8ces<br \/>\nPrix \u00e0 l&#8217;unit\u00e9: 4.95 CHF<\/p>\n","protected":false},"excerpt":{"rendered":"<ul>\n<li>Quantit\u00e9: 4 pi\u00e8ces<\/li>\n<li>Dimension: 13 x 10 cm<\/li>\n<li>Forme: rectangulaire<\/li>\n<li>Fabriqu\u00e9 en Belgique<\/li>\n<li>Mat\u00e9riau: 80% cuir recycl\u00e9 \/ 20% gomme naturelle<\/li>\n<li>lavable<\/li>\n<\/ul>\n","protected":false},"featured_media":18253,"template":"","meta":{"_acf_changed":false},"product_brand":[],"product_cat":[271,645],"product_tag":[],"class_list":{"0":"post-18418","1":"product","2":"type-product","3":"status-publish","4":"has-post-thumbnail","6":"product_cat-linge-de-maison","7":"product_cat-ustensiles-de-table","9":"first","10":"instock","11":"taxable","12":"shipping-taxable","13":"purchasable","14":"product-type-variable"},"acf":[],"_links":{"self":[{"href":"https:\/\/www.albis.ch\/fr\/wp-json\/wp\/v2\/product\/18418","targetHints":{"allow":["GET"]}}],"collection":[{"href":"https:\/\/www.albis.ch\/fr\/wp-json\/wp\/v2\/product"}],"about":[{"href":"https:\/\/www.albis.ch\/fr\/wp-json\/wp\/v2\/types\/product"}],"version-history":[{"count":0,"href":"https:\/\/www.albis.ch\/fr\/wp-json\/wp\/v2\/product\/18418\/revisions"}],"wp:featuredmedia":[{"embeddable":true,"href":"https:\/\/www.albis.ch\/fr\/wp-json\/wp\/v2\/media\/18253"}],"wp:attachment":[{"href":"https:\/\/www.albis.ch\/fr\/wp-json\/wp\/v2\/media?parent=18418"}],"wp:term":[{"taxonomy":"product_brand","embeddable":true,"href":"https:\/\/www.albis.ch\/fr\/wp-json\/wp\/v2\/product_brand?post=18418"},{"taxonomy":"product_cat","embeddable":true,"href":"https:\/\/www.albis.ch\/fr\/wp-json\/wp\/v2\/product_cat?post=18418"},{"taxonomy":"product_tag","embeddable":true,"href":"https:\/\/www.albis.ch\/fr\/wp-json\/wp\/v2\/product_tag?post=18418"}],"curies":[{"name":"wp","href":"https:\/\/api.w.org\/{rel}","templated":true}]}}